{"id":4467,"date":"2020-05-06T20:15:45","date_gmt":"2020-05-06T20:15:45","guid":{"rendered":"https:\/\/cesug.de\/?page_id=4467"},"modified":"2020-07-10T08:14:58","modified_gmt":"2020-07-10T08:14:58","slug":"impressum","status":"publish","type":"page","link":"https:\/\/www.cesug.de\/index.php\/impressum\/","title":{"rendered":"Impressum"},"content":{"rendered":"\n<div class=\"wp-block-group Tom\"><div class=\"wp-block-group__inner-container is-layout-flow wp-block-group-is-layout-flow\">\n<h3 class=\"wp-block-heading\">Impressum<\/h3>\n\n\n\n<p><strong>C.E.S.U.G.<\/strong><br>Consulting, Education &amp; Services UG (haftungsbeschr\u00e4nkt)<br>28211 Bremen, Elsasser Str. 75<br>Gesch\u00e4ftsf\u00fchrer Thomas H\u00fcniken, Lars Peer Finke<br>Steuer-Nr.: 60 108 06532<br><a href=\"mailto:info@cesug.de\">mailto:info@cesug.de<\/a><\/p>\n<\/div><\/div>\n\n\n\n<div class=\"wp-block-group Tom is-layout-flow wp-block-group-is-layout-flow\"><div class=\"wp-block-group__inner-container\"><\/div><\/div>\n ","protected":false},"excerpt":{"rendered":"<p>Impressum C.E.S.U.G.Consulting, Education &amp; Services UG (haftungsbeschr\u00e4nkt)28211 Bremen, Elsasser Str. 75Gesch\u00e4ftsf\u00fchrer Thomas H\u00fcniken, Lars Peer FinkeSteuer-Nr.: 60 108 06532mailto:info@cesug.de<\/p>\n","protected":false},"author":1,"featured_media":0,"parent":0,"menu_order":70,"comment_status":"closed","ping_status":"closed","template":"","meta":{"footnotes":""},"class_list":["post-4467","page","type-page","status-publish","hentry"],"_links":{"self":[{"href":"https:\/\/www.cesug.de\/index.php\/wp-json\/wp\/v2\/pages\/4467","targetHints":{"allow":["GET"]}}],"collection":[{"href":"https:\/\/www.cesug.de\/index.php\/wp-json\/wp\/v2\/pages"}],"about":[{"href":"https:\/\/www.cesug.de\/index.php\/wp-json\/wp\/v2\/types\/page"}],"author":[{"embeddable":true,"href":"https:\/\/www.cesug.de\/index.php\/wp-json\/wp\/v2\/users\/1"}],"replies":[{"embeddable":true,"href":"https:\/\/www.cesug.de\/index.php\/wp-json\/wp\/v2\/comments?post=4467"}],"version-history":[{"count":20,"href":"https:\/\/www.cesug.de\/index.php\/wp-json\/wp\/v2\/pages\/4467\/revisions"}],"predecessor-version":[{"id":4875,"href":"https:\/\/www.cesug.de\/index.php\/wp-json\/wp\/v2\/pages\/4467\/revisions\/4875"}],"wp:attachment":[{"href":"https:\/\/www.cesug.de\/index.php\/wp-json\/wp\/v2\/media?parent=4467"}],"curies":[{"name":"wp","href":"https:\/\/api.w.org\/{rel}","templated":true}]}}